{"id":27378,"date":"2018-01-29T19:43:38","date_gmt":"2018-01-29T17:43:38","guid":{"rendered":"https:\/\/www.berod-sports.com\/skibob\/"},"modified":"2018-01-29T19:43:43","modified_gmt":"2018-01-29T17:43:43","slug":"skibob","status":"publish","type":"page","link":"https:\/\/berod-sports.com\/en\/skibob\/","title":{"rendered":"Skibob"},"content":{"rendered":"<p>[et_pb_section bb_built=&#8221;1&#8243; _builder_version=&#8221;3.0.87&#8243; custom_padding=&#8221;0px|0px|0px|0px&#8221;][et_pb_row admin_label=&#8221;Row&#8221; make_fullwidth=&#8221;on&#8221; use_custom_gutter=&#8221;on&#8221; gutter_width=&#8221;1&#8243; custom_padding=&#8221;0px|0px|0px|0px&#8221; make_equal=&#8221;on&#8221; background_color_1=&#8221;rgba(0,0,0,0.39)&#8221; background_color_2=&#8221;rgba(0,0,0,0.74)&#8221; padding_left_1=&#8221;10%&#8221; padding_top_2=&#8221;30px&#8221; padding_right_2=&#8221;10%&#8221; padding_bottom_2=&#8221;5%&#8221; padding_left_2=&#8221;2%&#8221; parallax_method_1=&#8221;off&#8221; parallax_method_2=&#8221;off&#8221; padding_1_tablet=&#8221;|4%||4%&#8221; padding_2_tablet=&#8221;5%|5px|5%|15px&#8221; padding_1_phone=&#8221;|3%||3%&#8221; padding_2_last_edited=&#8221;on|desktop&#8221; custom_padding_last_edited=&#8221;on|desktop&#8221; _builder_version=&#8221;3.0.87&#8243; background_image=&#8221;https:\/\/berod-sports.com\/wp-content\/uploads\/veloski-crest-voland.jpg&#8221; background_repeat=&#8221;repeat&#8221; custom_margin_last_edited=&#8221;on|desktop&#8221;][et_pb_column type=&#8221;1_2&#8243;][et_pb_cta admin_label=&#8221;titre bouton&#8221; button_url=&#8221;#sec1&#8243; button_text=&#8221;+&#8221; use_background_color=&#8221;off&#8221; module_id=&#8221;toptext&#8221; _builder_version=&#8221;3.0.73&#8243; header_font=&#8221;|||on|&#8221; header_font_size=&#8221;46px&#8221; header_font_size_tablet=&#8221;36px&#8221; header_font_size_phone=&#8221;24px&#8221; header_font_size_last_edited=&#8221;on|desktop&#8221; header_text_color=&#8221;#ffffff&#8221; header_line_height=&#8221;1.5em&#8221; body_font=&#8221;Roboto Condensed|on||on|&#8221; body_font_size=&#8221;52px&#8221; body_font_size_tablet=&#8221;40px&#8221; body_font_size_phone=&#8221;28px&#8221; body_font_size_last_edited=&#8221;on|phone&#8221; body_text_color=&#8221;#ffffff&#8221; body_line_height=&#8221;1.5em&#8221; background_size=&#8221;initial&#8221; background_position=&#8221;top_left&#8221; background_repeat=&#8221;repeat&#8221; custom_padding=&#8221;30%|10%|30%|&#8221; custom_padding_tablet=&#8221;10%||10%|&#8221; custom_button=&#8221;on&#8221; button_text_size=&#8221;40&#8243; button_text_color=&#8221;#ffffff&#8221; button_bg_color=&#8221;rgba(0,0,0,0)&#8221; button_border_color=&#8221;rgba(255,255,255,0.6)&#8221; button_border_radius=&#8221;0&#8243; button_use_icon=&#8221;off&#8221; button_text_color_hover=&#8221;#000000&#8243; button_bg_color_hover=&#8221;#d6e040&#8243; button_border_color_hover=&#8221;rgba(0,0,0,0)&#8221; button_border_radius_hover=&#8221;0&#8243; button_letter_spacing_hover=&#8221;3&#8243; button_text_size_tablet=&#8221;30&#8243; button_text_size_phone=&#8221;20&#8243; button_text_size_last_edited=&#8221;on|phone&#8221; custom_css_main_element=&#8221;position: relative; z-index: 3;&#8221; custom_css_promo_button=&#8221;margin-top: 30px;&#8221; custom_css_promo_title=&#8221;font-weight: 800;&#8221; inline_fonts=&#8221;Roboto Condensed&#8221;]<\/p>\n<p>Pro Shop Brenter \/ Initiation and sale of Skibob<\/p>\n<p>[\/et_pb_cta][\/et_pb_column][et_pb_column type=&#8221;1_2&#8243;][et_pb_button button_url=&#8221;http:\/\/reservation.berod-sports.com\/en\/&#8221; button_text=&#8221;Book your Skibob&#8221; button_alignment=&#8221;center&#8221; _builder_version=&#8221;3.0.87&#8243; custom_button=&#8221;on&#8221; button_text_color=&#8221;#000000&#8243; button_bg_color=&#8221;#d6e040&#8243; animation_style=&#8221;roll&#8221; animation_duration=&#8221;1550ms&#8221; animation_delay=&#8221;2000ms&#8221; custom_css_main_element=&#8221;margin-top:20px;||margin-bottom:20px;||&#8221; saved_tabs=&#8221;all&#8221; url_new_window=&#8221;off&#8221; background_layout=&#8221;light&#8221; button_icon_placement=&#8221;right&#8221; custom_margin=&#8221;||50px|&#8221; \/][et_pb_blurb admin_label=&#8221;Blurb&#8221; title=&#8221;The skibob is at Crest-Voland&#8221; icon_color=&#8221;#0068d1&#8243; background_layout=&#8221;dark&#8221; module_id=&#8221;toptext&#8221; _builder_version=&#8221;3.0.86&#8243; header_font=&#8221;|||on|&#8221; header_font_size=&#8221;20&#8243; header_text_color=&#8221;#d6e040&#8243; header_line_height=&#8221;1.4em&#8221; body_font_size=&#8221;18&#8243; body_text_color=&#8221;#ffffff&#8221; body_line_height=&#8221;1.5em&#8221; background_size=&#8221;initial&#8221; background_position=&#8221;top_left&#8221; background_repeat=&#8221;repeat&#8221; custom_margin=&#8221;10px|||&#8221; custom_padding=&#8221;10px||20px|&#8221; custom_css_main_element=&#8221;position: relative; z-index: 3;&#8221; custom_css_blurb_title=&#8221;font-weight: 800;&#8221; inline_fonts=&#8221;Roboto&#8221; url_new_window=&#8221;off&#8221; use_icon=&#8221;off&#8221; use_circle=&#8221;off&#8221; use_circle_border=&#8221;off&#8221; icon_placement=&#8221;top&#8221; use_icon_font_size=&#8221;off&#8221; max_width_tablet=&#8221;50px&#8221;]<\/p>\n<p>Crest-Voland is the original spot of Skibob, resort of the 1st championship of France<\/p>\n<p>[\/et_pb_blurb][et_pb_blurb admin_label=&#8221;Blurb&#8221; title=&#8221;Initiation for all and all levels&#8221; icon_color=&#8221;#0068d1&#8243; background_layout=&#8221;dark&#8221; module_id=&#8221;toptext&#8221; _builder_version=&#8221;3.0.86&#8243; header_font=&#8221;|||on|&#8221; header_font_size=&#8221;20&#8243; header_text_color=&#8221;#d6e040&#8243; header_line_height=&#8221;1.4em&#8221; body_font_size=&#8221;18&#8243; body_text_color=&#8221;#ffffff&#8221; body_line_height=&#8221;1.5em&#8221; background_size=&#8221;initial&#8221; background_position=&#8221;top_left&#8221; background_repeat=&#8221;repeat&#8221; custom_padding=&#8221;10px||20px|&#8221; custom_css_main_element=&#8221;position: relative; z-index: 3;&#8221; custom_css_blurb_title=&#8221;font-weight: 800;&#8221; url_new_window=&#8221;off&#8221; use_icon=&#8221;off&#8221; use_circle=&#8221;off&#8221; use_circle_border=&#8221;off&#8221; icon_placement=&#8221;top&#8221; use_icon_font_size=&#8221;off&#8221; max_width_tablet=&#8221;50px&#8221;]<\/p>\n<p>Initiation twice a week throughout the season.<\/p>\n<p>[\/et_pb_blurb][et_pb_blurb admin_label=&#8221;Blurb&#8221; title=&#8221;Fun Race SKIBOB Tour&#8221; icon_color=&#8221;#0068d1&#8243; background_layout=&#8221;dark&#8221; module_id=&#8221;toptext&#8221; _builder_version=&#8221;3.0.86&#8243; header_font=&#8221;|||on|&#8221; header_font_size=&#8221;20&#8243; header_text_color=&#8221;#d6e040&#8243; header_line_height=&#8221;1.4em&#8221; body_font_size=&#8221;18&#8243; body_text_color=&#8221;#ffffff&#8221; body_line_height=&#8221;1.5em&#8221; background_size=&#8221;initial&#8221; background_position=&#8221;top_left&#8221; background_repeat=&#8221;repeat&#8221; custom_padding=&#8221;10px||20px|&#8221; custom_css_main_element=&#8221;position: relative; z-index: 3;&#8221; custom_css_blurb_title=&#8221;font-weight: 800;&#8221; url_new_window=&#8221;off&#8221; use_icon=&#8221;off&#8221; use_circle=&#8221;off&#8221; use_circle_border=&#8221;off&#8221; icon_placement=&#8221;top&#8221; use_icon_font_size=&#8221;off&#8221; max_width_tablet=&#8221;50px&#8221;]<\/p>\n<p>The biggest event of Skibob in France is in Crest-Voland<\/p>\n<p>[\/et_pb_blurb][\/et_pb_column][\/et_pb_row][\/et_pb_section][et_pb_section bb_built=&#8221;1&#8243; module_id=&#8221;sec1&#8243; _builder_version=&#8221;3.0.73&#8243; background_image=&#8221;https:\/\/berod-sports.com\/wp-content\/uploads\/wallpaper-bois-blanc.jpg&#8221; custom_padding=&#8221;0px|0px|60px|0px&#8221;][et_pb_row custom_padding=&#8221;50px|0px|50px|0px&#8221; _builder_version=&#8221;3.0.64&#8243;][et_pb_column type=&#8221;4_4&#8243;][et_pb_text _builder_version=&#8221;3.0.73&#8243; background_color=&#8221;rgba(255,255,255,0.81)&#8221; text_orientation=&#8221;center&#8221; module_alignment=&#8221;center&#8221; custom_padding=&#8221;20px||10px|&#8221; animation_style=&#8221;bounce&#8221; custom_css_main_element=&#8221;-webkit-box-shadow: 7px 7px 10px 2px rgba(0,0,0,0.75);||-moz-box-shadow: 7px 7px 10px 2px rgba(0,0,0,0.75);||box-shadow: 7px 7px 10px 2px rgba(0,0,0,0.75);&#8221;]<\/p>\n<h1>Pro Shop Brenter, Skibob \/ Snowbike in Crest-Voland<\/h1>\n<p>[\/et_pb_text][et_pb_video _builder_version=&#8221;3.0.87&#8243; src=&#8221;https:\/\/youtu.be\/ATtNMedekhg&#8221; max_width=&#8221;80%&#8221; module_alignment=&#8221;center&#8221; border_radii=&#8221;on|20px|20px|20px|20px&#8221; \/][\/et_pb_column][\/et_pb_row][et_pb_row custom_padding=&#8221;|||5%&#8221; custom_margin=&#8221;2%|||5%&#8221; padding_top_1=&#8221;10%&#8221; padding_right_1=&#8221;0px&#8221; padding_bottom_1=&#8221;10%&#8221; padding_right_2=&#8221;10px&#8221; padding_left_2=&#8221;0px&#8221; padding_1_tablet=&#8221;0px|5%|0px|&#8221; padding_1_last_edited=&#8221;on|phone&#8221; custom_padding_last_edited=&#8221;on|desktop&#8221; _builder_version=&#8221;3.0.73&#8243; use_background_color_gradient=&#8221;on&#8221; background_color_gradient_start=&#8221;#0054a6&#8243; background_color_gradient_end=&#8221;#ffffff&#8221; background_color_gradient_direction=&#8221;90deg&#8221; background_color_gradient_end_position=&#8221;33%&#8221; custom_margin_tablet=&#8221;|||10%&#8221; custom_margin_phone=&#8221;|||&#8221; custom_margin_last_edited=&#8221;on|tablet&#8221;][et_pb_column type=&#8221;1_2&#8243;][et_pb_image src=&#8221;https:\/\/berod-sports.com\/wp-content\/uploads\/funrace-2010.jpg&#8221; _builder_version=&#8221;3.0.78&#8243; animation_style=&#8221;slide&#8221; animation_direction=&#8221;left&#8221; animation_duration=&#8221;500ms&#8221; animation_intensity_slide=&#8221;10%&#8221; _i=&#8221;0&#8243; _address=&#8221;1.1.0.0&#8243; \/][\/et_pb_column][et_pb_column type=&#8221;1_2&#8243;][et_pb_blurb title=&#8221;Crest-Voland the original place of Skibob&#8221; url=&#8221;#&#8221; use_icon=&#8221;on&#8221; font_icon=&#8221;%%49%%&#8221; icon_color=&#8221;#d6e040&#8243; use_icon_font_size=&#8221;on&#8221; icon_font_size=&#8221;60px&#8221; _builder_version=&#8221;3.0.73&#8243; header_font=&#8221;|on|||&#8221; header_font_size=&#8221;30px&#8221; header_font_size_last_edited=&#8221;on|desktop&#8221; text_orientation=&#8221;center&#8221; custom_padding=&#8221;10%|20px|10%|10px&#8221;]<\/p>\n<p style=\"text-align: left;\">The SKIBOB in France, it&#8217;s happening in Crest-Voland in Val d&#8217;Arly, place of the 1st CHAMPIONSHIP OF FRANCE.<\/p>\n<p style=\"text-align: left;\">Vous trouverez chez Berod Sports tous les mod\u00e8les pour petits et grands, ainsi que des mod\u00e8les de comp\u00e9tition, dont celui qui a men\u00e9 Vincent Berod en Championnat du monde en 2010.<\/p>\n<p>[\/et_pb_blurb][\/et_pb_column][\/et_pb_row][et_pb_row custom_padding=&#8221;|||5%&#8221; custom_margin=&#8221;2%|||10%&#8221; padding_top_1=&#8221;10%&#8221; padding_right_1=&#8221;0px&#8221; padding_bottom_1=&#8221;10%&#8221; padding_right_2=&#8221;10px&#8221; padding_left_2=&#8221;0px&#8221; padding_1_tablet=&#8221;0px|5%|0px|&#8221; padding_1_last_edited=&#8221;on|tablet&#8221; custom_padding_last_edited=&#8221;on|desktop&#8221; _builder_version=&#8221;3.0.73&#8243; use_background_color_gradient=&#8221;on&#8221; background_color_gradient_start=&#8221;#0054a6&#8243; background_color_gradient_end=&#8221;#ffffff&#8221; background_color_gradient_direction=&#8221;90deg&#8221; background_color_gradient_end_position=&#8221;33%&#8221; custom_margin_tablet=&#8221;|||10%&#8221; custom_margin_last_edited=&#8221;on|desktop&#8221;][et_pb_column type=&#8221;1_2&#8243;][et_pb_image src=&#8221;https:\/\/berod-sports.com\/wp-content\/uploads\/veloski-pour-tous.jpg&#8221; _builder_version=&#8221;3.0.78&#8243; animation_style=&#8221;slide&#8221; animation_direction=&#8221;left&#8221; animation_duration=&#8221;500ms&#8221; animation_intensity_slide=&#8221;10%&#8221; \/][\/et_pb_column][et_pb_column type=&#8221;1_2&#8243;][et_pb_blurb title=&#8221;Initiation for all&#8221; use_icon=&#8221;on&#8221; font_icon=&#8221;%%49%%&#8221; icon_color=&#8221;#d6e040&#8243; use_icon_font_size=&#8221;on&#8221; icon_font_size=&#8221;60px&#8221; _builder_version=&#8221;3.0.73&#8243; header_font=&#8221;|on|||&#8221; header_font_size=&#8221;30px&#8221; header_font_size_last_edited=&#8221;on|desktop&#8221; text_orientation=&#8221;center&#8221; custom_padding=&#8221;10%|20px|10%|10px&#8221;]<\/p>\n<p style=\"text-align: left;\">The Bikeski or skibob is sure to have fun, even if you do not know how to ski, in a few minutes of initiation.<\/p>\n<p style=\"text-align: left;\"><strong>Initiation tous les MARDI &amp; JEUDI \u00e0 14h30<\/strong><br \/>\n<strong>au T\u00e9l\u00e9ski du TOVAT<\/strong><\/p>\n<p style=\"text-align: left;\">1 h de cours ESF prise en main + la 1\/2 journ\u00e9e location SKIBOB<\/p>\n<p>[\/et_pb_blurb][\/et_pb_column][\/et_pb_row][et_pb_row custom_padding=&#8221;|||5%&#8221; custom_margin=&#8221;2%|||15%&#8221; padding_top_1=&#8221;10%&#8221; padding_right_1=&#8221;0px&#8221; padding_bottom_1=&#8221;10%&#8221; padding_right_2=&#8221;10px&#8221; padding_left_2=&#8221;0px&#8221; padding_1_tablet=&#8221;0px|5%|0px|&#8221; padding_1_last_edited=&#8221;on|tablet&#8221; _builder_version=&#8221;3.0.73&#8243; use_background_color_gradient=&#8221;on&#8221; background_color_gradient_start=&#8221;#0054a6&#8243; background_color_gradient_end=&#8221;#ffffff&#8221; background_color_gradient_direction=&#8221;90deg&#8221; background_color_gradient_end_position=&#8221;33%&#8221; custom_margin_tablet=&#8221;2%|||10%&#8221; custom_margin_last_edited=&#8221;on|tablet&#8221;][et_pb_column type=&#8221;1_2&#8243;][et_pb_image src=&#8221;https:\/\/berod-sports.com\/wp-content\/uploads\/funrace-crest-voland-2010.jpg&#8221; _builder_version=&#8221;3.0.78&#8243; animation_style=&#8221;slide&#8221; animation_direction=&#8221;left&#8221; animation_duration=&#8221;500ms&#8221; animation_intensity_slide=&#8221;10%&#8221; _i=&#8221;0&#8243; _address=&#8221;1.3.0.0&#8243; \/][\/et_pb_column][et_pb_column type=&#8221;1_2&#8243;][et_pb_blurb title=&#8221;Fun Race&#8221; use_icon=&#8221;on&#8221; font_icon=&#8221;%%49%%&#8221; icon_color=&#8221;#d6e040&#8243; use_icon_font_size=&#8221;on&#8221; icon_font_size=&#8221;60px&#8221; _builder_version=&#8221;3.0.73&#8243; header_font=&#8221;|on|||&#8221; header_font_size=&#8221;30px&#8221; header_font_size_last_edited=&#8221;on|desktop&#8221; text_orientation=&#8221;center&#8221; custom_padding=&#8221;10%|20px|10%|10px&#8221;]<br \/>\nThe biggest event of SKIBOB in France:<\/p>\n<p>Competitions and initiation days are proposed to the public who will be able to practice this activity of sliding the most accessible on snow.<\/p>\n<p>3 days of FUN to discover the SKIBOB or participate in competitions of Giant Slalom, Parallel Slalom at night, or Boarder Cross starting at 4.<\/p>\n<p>Accessible to all levels of sliding, whether you practice a gliding activity or not.<br \/>\n[\/et_pb_blurb][\/et_pb_column][\/et_pb_row][\/et_pb_section][et_pb_section bb_built=&#8221;1&#8243; admin_label=&#8221;section&#8221; module_class=&#8221;BkPivotalShift&#8221; _builder_version=&#8221;3.0.92&#8243; custom_css_before=&#8221;background: url(%22https:\/\/berod-sports.com\/wp-content\/uploads\/Berod-Sports-Location-ski-vtt-Crest-Voland-lg-2.jpg%22);&#8221;][et_pb_row admin_label=&#8221;row&#8221; padding_right_1=&#8221;30px&#8221; padding_left_1=&#8221;30px&#8221; _builder_version=&#8221;3.0.47&#8243; background_size=&#8221;initial&#8221; background_position=&#8221;top_left&#8221; background_repeat=&#8221;repeat&#8221; _i=&#8221;0&#8243; _address=&#8221;2.0&#8243;][et_pb_column type=&#8221;1_4&#8243;][\/et_pb_column][et_pb_column type=&#8221;1_2&#8243;][et_pb_text background_layout=&#8221;dark&#8221; _builder_version=&#8221;3.0.78&#8243; text_font_size=&#8221;24px&#8221; text_font_size_tablet=&#8221;20px&#8221; text_font_size_phone=&#8221;16px&#8221; text_font_size_last_edited=&#8221;on|phone&#8221; text_line_height=&#8221;1.8em&#8221; background_color=&#8221;rgba(0,0,0,0.49)&#8221; background_size=&#8221;initial&#8221; background_position=&#8221;top_left&#8221; background_repeat=&#8221;repeat&#8221; custom_padding=&#8221;20px|20px|20px|20px&#8221;]<\/p>\n<p style=\"text-align: center;\">The skibob is a unique and original glide &#8230; for all! And Crest-Voland is the ideal place to get started<\/p>\n<p>[\/et_pb_text][et_pb_button button_url=&#8221;http:\/\/reservation.berod-sports.com\/en\/&#8221; button_text=&#8221;Go!&#8221; button_alignment=&#8221;center&#8221; _builder_version=&#8221;3.0.78&#8243; custom_button=&#8221;on&#8221; button_text_color=&#8221;#000000&#8243; button_bg_color=&#8221;#ffffff&#8221; button_border_color=&#8221;#000000&#8243; button_text_color_hover=&#8221;#000000&#8243; button_bg_color_hover=&#8221;#d6e040&#8243; animation_style=&#8221;roll&#8221; \/][\/et_pb_column][et_pb_column type=&#8221;1_4&#8243;][\/et_pb_column][\/et_pb_row][\/et_pb_section]<\/p>\n","protected":false},"excerpt":{"rendered":"<p>Pro Shop Brenter \/ Initiation and sale of Skibob Crest-Voland is the original spot of Skibob, resort of the 1st championship of France Initiation twice a week throughout the season. The biggest event of Skibob in France is in Crest-Voland Pro Shop Brenter, Skibob \/ Snowbike in Crest-Voland The SKIBOB in France, it&#8217;s happening in [&hellip;]<\/p>\n","protected":false},"author":1,"featured_media":0,"parent":0,"menu_order":0,"comment_status":"closed","ping_status":"closed","template":"","meta":{"_et_pb_use_builder":"on","_et_pb_old_content":"","_et_gb_content_width":"","footnotes":""},"class_list":["post-27378","page","type-page","status-publish","hentry"],"yoast_head":"<!-- This site is optimized with the Yoast SEO plugin v27.4 - https:\/\/yoast.com\/product\/yoast-seo-wordpress\/ -->\n<title>Skibob - Berod Sports<\/title>\n<meta name=\"description\" content=\"The Brenter range, Skibob or skibike to try in our Pro Shop in Crest-Voland, on Espace Diamant ski area, Val d&#039;Arly.\" \/>\n<meta name=\"robots\" content=\"index, follow, max-snippet:-1, max-image-preview:large, max-video-preview:-1\" \/>\n<link rel=\"canonical\" href=\"https:\/\/berod-sports.com\/en\/skibob\/\" \/>\n<meta property=\"og:locale\" content=\"en_US\" \/>\n<meta property=\"og:type\" content=\"article\" \/>\n<meta property=\"og:title\" content=\"Skibob - Berod Sports\" \/>\n<meta property=\"og:description\" content=\"The Brenter range, Skibob or skibike to try in our Pro Shop in Crest-Voland, on Espace Diamant ski area, Val d&#039;Arly.\" \/>\n<meta property=\"og:url\" content=\"https:\/\/berod-sports.com\/en\/skibob\/\" \/>\n<meta property=\"og:site_name\" content=\"Berod Sports\" \/>\n<meta property=\"article:publisher\" content=\"https:\/\/www.facebook.com\/berod.sports\/\" \/>\n<meta property=\"article:modified_time\" content=\"2018-01-29T17:43:43+00:00\" \/>\n<meta name=\"twitter:card\" content=\"summary_large_image\" \/>\n<meta name=\"twitter:label1\" content=\"Est. reading time\" \/>\n\t<meta name=\"twitter:data1\" content=\"9 minutes\" \/>\n<script type=\"application\/ld+json\" class=\"yoast-schema-graph\">{\"@context\":\"https:\\\/\\\/schema.org\",\"@graph\":[{\"@type\":\"WebPage\",\"@id\":\"https:\\\/\\\/berod-sports.com\\\/en\\\/skibob\\\/\",\"url\":\"https:\\\/\\\/berod-sports.com\\\/en\\\/skibob\\\/\",\"name\":\"Skibob - Berod Sports\",\"isPartOf\":{\"@id\":\"https:\\\/\\\/berod-sports.com\\\/#website\"},\"datePublished\":\"2018-01-29T17:43:38+00:00\",\"dateModified\":\"2018-01-29T17:43:43+00:00\",\"description\":\"The Brenter range, Skibob or skibike to try in our Pro Shop in Crest-Voland, on Espace Diamant ski area, Val d'Arly.\",\"breadcrumb\":{\"@id\":\"https:\\\/\\\/berod-sports.com\\\/en\\\/skibob\\\/#breadcrumb\"},\"inLanguage\":\"en-US\",\"potentialAction\":[{\"@type\":\"ReadAction\",\"target\":[\"https:\\\/\\\/berod-sports.com\\\/en\\\/skibob\\\/\"]}]},{\"@type\":\"BreadcrumbList\",\"@id\":\"https:\\\/\\\/berod-sports.com\\\/en\\\/skibob\\\/#breadcrumb\",\"itemListElement\":[{\"@type\":\"ListItem\",\"position\":1,\"name\":\"Accueil\",\"item\":\"https:\\\/\\\/berod-sports.com\\\/en\\\/\"},{\"@type\":\"ListItem\",\"position\":2,\"name\":\"Skibob\"}]},{\"@type\":\"WebSite\",\"@id\":\"https:\\\/\\\/berod-sports.com\\\/#website\",\"url\":\"https:\\\/\\\/berod-sports.com\\\/\",\"name\":\"Berod Sports\",\"description\":\"Location ski et VTT Crest Voland\",\"potentialAction\":[{\"@type\":\"SearchAction\",\"target\":{\"@type\":\"EntryPoint\",\"urlTemplate\":\"https:\\\/\\\/berod-sports.com\\\/?s={search_term_string}\"},\"query-input\":{\"@type\":\"PropertyValueSpecification\",\"valueRequired\":true,\"valueName\":\"search_term_string\"}}],\"inLanguage\":\"en-US\"}]}<\/script>\n<!-- \/ Yoast SEO plugin. -->","yoast_head_json":{"title":"Skibob - Berod Sports","description":"The Brenter range, Skibob or skibike to try in our Pro Shop in Crest-Voland, on Espace Diamant ski area, Val d'Arly.","robots":{"index":"index","follow":"follow","max-snippet":"max-snippet:-1","max-image-preview":"max-image-preview:large","max-video-preview":"max-video-preview:-1"},"canonical":"https:\/\/berod-sports.com\/en\/skibob\/","og_locale":"en_US","og_type":"article","og_title":"Skibob - Berod Sports","og_description":"The Brenter range, Skibob or skibike to try in our Pro Shop in Crest-Voland, on Espace Diamant ski area, Val d'Arly.","og_url":"https:\/\/berod-sports.com\/en\/skibob\/","og_site_name":"Berod Sports","article_publisher":"https:\/\/www.facebook.com\/berod.sports\/","article_modified_time":"2018-01-29T17:43:43+00:00","twitter_card":"summary_large_image","twitter_misc":{"Est. reading time":"9 minutes"},"schema":{"@context":"https:\/\/schema.org","@graph":[{"@type":"WebPage","@id":"https:\/\/berod-sports.com\/en\/skibob\/","url":"https:\/\/berod-sports.com\/en\/skibob\/","name":"Skibob - Berod Sports","isPartOf":{"@id":"https:\/\/berod-sports.com\/#website"},"datePublished":"2018-01-29T17:43:38+00:00","dateModified":"2018-01-29T17:43:43+00:00","description":"The Brenter range, Skibob or skibike to try in our Pro Shop in Crest-Voland, on Espace Diamant ski area, Val d'Arly.","breadcrumb":{"@id":"https:\/\/berod-sports.com\/en\/skibob\/#breadcrumb"},"inLanguage":"en-US","potentialAction":[{"@type":"ReadAction","target":["https:\/\/berod-sports.com\/en\/skibob\/"]}]},{"@type":"BreadcrumbList","@id":"https:\/\/berod-sports.com\/en\/skibob\/#breadcrumb","itemListElement":[{"@type":"ListItem","position":1,"name":"Accueil","item":"https:\/\/berod-sports.com\/en\/"},{"@type":"ListItem","position":2,"name":"Skibob"}]},{"@type":"WebSite","@id":"https:\/\/berod-sports.com\/#website","url":"https:\/\/berod-sports.com\/","name":"Berod Sports","description":"Location ski et VTT Crest Voland","potentialAction":[{"@type":"SearchAction","target":{"@type":"EntryPoint","urlTemplate":"https:\/\/berod-sports.com\/?s={search_term_string}"},"query-input":{"@type":"PropertyValueSpecification","valueRequired":true,"valueName":"search_term_string"}}],"inLanguage":"en-US"}]}},"_links":{"self":[{"href":"https:\/\/berod-sports.com\/en\/wp-json\/wp\/v2\/pages\/27378","targetHints":{"allow":["GET"]}}],"collection":[{"href":"https:\/\/berod-sports.com\/en\/wp-json\/wp\/v2\/pages"}],"about":[{"href":"https:\/\/berod-sports.com\/en\/wp-json\/wp\/v2\/types\/page"}],"author":[{"embeddable":true,"href":"https:\/\/berod-sports.com\/en\/wp-json\/wp\/v2\/users\/1"}],"replies":[{"embeddable":true,"href":"https:\/\/berod-sports.com\/en\/wp-json\/wp\/v2\/comments?post=27378"}],"version-history":[{"count":0,"href":"https:\/\/berod-sports.com\/en\/wp-json\/wp\/v2\/pages\/27378\/revisions"}],"wp:attachment":[{"href":"https:\/\/berod-sports.com\/en\/wp-json\/wp\/v2\/media?parent=27378"}],"curies":[{"name":"wp","href":"https:\/\/api.w.org\/{rel}","templated":true}]}}